{"id":9,"date":"2020-03-16T12:52:40","date_gmt":"2020-03-16T12:52:40","guid":{"rendered":"https:\/\/aulasnomadas.com\/web\/?page_id=9"},"modified":"2020-03-16T14:31:01","modified_gmt":"2020-03-16T14:31:01","slug":"9-2","status":"publish","type":"page","link":"https:\/\/aulasnomadas.com\/web\/","title":{"rendered":""},"content":{"rendered":"<div class=\"epyt-gallery\" data-currpage=\"1\" id=\"epyt_gallery_44119\"><iframe loading=\"lazy\"  id=\"_ytid_81062\"  width=\"1020\" height=\"574\"  data-origwidth=\"1020\" data-origheight=\"574\" src=\"https:\/\/www.youtube.com\/embed\/foRqLqL1ys0?enablejsapi=1&#038;autoplay=0&#038;cc_load_policy=0&#038;cc_lang_pref=&#038;iv_load_policy=1&#038;loop=0&#038;rel=1&#038;fs=1&#038;playsinline=0&#038;autohide=2&#038;theme=dark&#038;color=red&#038;controls=1&#038;disablekb=0&#038;\" class=\"__youtube_prefs__  no-lazyload\" title=\"YouTube player\"  data-epytgalleryid=\"epyt_gallery_44119\"  allow=\"fullscreen; accelerometer; autoplay; clipboard-write; encrypted-media; gyroscope; picture-in-picture; web-share\" referrerpolicy=\"strict-origin-when-cross-origin\" allowfullscreen data-no-lazy=\"1\" data-skipgform_ajax_framebjll=\"\"><\/iframe><div class=\"epyt-gallery-subscribe\"><a target=\"_blank\" class=\"epyt-gallery-subbutton\" href=\"https:\/\/www.youtube.com\/channel\/UC79LgahBAU9rDHAEdSChTcA\/featured?sub_confirmation=1\"><img decoding=\"async\" alt=\"subscribe\" src=\"https:\/\/aulasnomadas.com\/web\/wp-content\/plugins\/youtube-embed-plus\/images\/play-subscribe.png\" \/>Suscribe-te a nuestro canal<\/a><\/div><div class=\"epyt-gallery-list\"><div class=\"epyt-pagination \"><div tabindex=\"0\" role=\"button\" class=\"epyt-pagebutton epyt-prev  hide \" data-playlistid=\"UU79LgahBAU9rDHAEdSChTcA\" data-pagesize=\"20\" data-pagetoken=\"\" data-epcolumns=\"4\" data-showtitle=\"1\" data-showpaging=\"1\" data-autonext=\"0\" data-thumbplay=\"1\"><div class=\"epyt-arrow\">&laquo;<\/div> <div>Prev<\/div><\/div><div class=\"epyt-pagenumbers \"><div class=\"epyt-current\">1<\/div><div class=\"epyt-pageseparator\"> \/ <\/div><div class=\"epyt-totalpages\">8<\/div><\/div><div tabindex=\"0\" role=\"button\" class=\"epyt-pagebutton epyt-next\" data-playlistid=\"UU79LgahBAU9rDHAEdSChTcA\" data-pagesize=\"20\" data-pagetoken=\"EAAaHlBUOkNCUWlFREk1TmpOQlEwUXlRalk1UmtFelJrUQ\" data-epcolumns=\"4\" data-showtitle=\"1\" data-showpaging=\"1\" data-autonext=\"0\" data-thumbplay=\"1\"><div>Next<\/div> <div class=\"epyt-arrow\">&raquo;<\/div><\/div><div class=\"epyt-loader\"><img loading=\"lazy\" decoding=\"async\" alt=\"loading\" width=\"16\" height=\"11\" src=\"https:\/\/aulasnomadas.com\/web\/wp-content\/plugins\/youtube-embed-plus\/images\/gallery-page-loader.gif\"><\/div><\/div><div class=\"epyt-gallery-allthumbs  epyt-cols-4 \"><div tabindex=\"0\" role=\"button\" data-videoid=\"foRqLqL1ys0\" class=\"epyt-gallery-thumb\"><div class=\"epyt-gallery-img-box\"><div class=\"epyt-gallery-img\" style=\"background-image: url(https:\/\/i.ytimg.com\/vi\/foRqLqL1ys0\/hqdefault.jpg)\"><div class=\"epyt-gallery-playhover\"><img loading=\"lazy\" decoding=\"async\" alt=\"play\" class=\"epyt-play-img\" width=\"30\" height=\"23\" src=\"https:\/\/aulasnomadas.com\/web\/wp-content\/plugins\/youtube-embed-plus\/images\/playhover.png\" data-no-lazy=\"1\" data-skipgform_ajax_framebjll=\"\" \/><div class=\"epyt-gallery-playcrutch\"><\/div><\/div><\/div><\/div><div class=\"epyt-gallery-title\">Bel\u00e9n Coloma Guerrero \/ Gestora de ambulancias SEM Catalunya y Maga \/ LECTURAS \u00bfy tu madre? \/ 244<\/div><\/div><div tabindex=\"0\" role=\"button\" data-videoid=\"xMoFxtCOAhc\" class=\"epyt-gallery-thumb\"><div class=\"epyt-gallery-img-box\"><div class=\"epyt-gallery-img\" style=\"background-image: url(https:\/\/i.ytimg.com\/vi\/xMoFxtCOAhc\/hqdefault.jpg)\"><div class=\"epyt-gallery-playhover\"><img loading=\"lazy\" decoding=\"async\" alt=\"play\" class=\"epyt-play-img\" width=\"30\" height=\"23\" src=\"https:\/\/aulasnomadas.com\/web\/wp-content\/plugins\/youtube-embed-plus\/images\/playhover.png\" data-no-lazy=\"1\" data-skipgform_ajax_framebjll=\"\" \/><div class=\"epyt-gallery-playcrutch\"><\/div><\/div><\/div><\/div><div class=\"epyt-gallery-title\">Esperanza Tabares \/ SEM Catalunya \/ COMENTARIO DE \u00bfy tu madre? \/<\/div><\/div><div tabindex=\"0\" role=\"button\" data-videoid=\"QalMlDswINs\" class=\"epyt-gallery-thumb\"><div class=\"epyt-gallery-img-box\"><div class=\"epyt-gallery-img\" style=\"background-image: url(https:\/\/i.ytimg.com\/vi\/QalMlDswINs\/hqdefault.jpg)\"><div class=\"epyt-gallery-playhover\"><img loading=\"lazy\" decoding=\"async\" alt=\"play\" class=\"epyt-play-img\" width=\"30\" height=\"23\" src=\"https:\/\/aulasnomadas.com\/web\/wp-content\/plugins\/youtube-embed-plus\/images\/playhover.png\" data-no-lazy=\"1\" data-skipgform_ajax_framebjll=\"\" \/><div class=\"epyt-gallery-playcrutch\"><\/div><\/div><\/div><\/div><div class=\"epyt-gallery-title\">Ana Garcia Poveda \/ SEM Catalunya \/ COMENTARIO DE \u00bfy tu madre? \/<\/div><\/div><div tabindex=\"0\" role=\"button\" data-videoid=\"V_MjLUQSils\" class=\"epyt-gallery-thumb\"><div class=\"epyt-gallery-img-box\"><div class=\"epyt-gallery-img\" style=\"background-image: url(https:\/\/i.ytimg.com\/vi\/V_MjLUQSils\/hqdefault.jpg)\"><div class=\"epyt-gallery-playhover\"><img loading=\"lazy\" decoding=\"async\" alt=\"play\" class=\"epyt-play-img\" width=\"30\" height=\"23\" src=\"https:\/\/aulasnomadas.com\/web\/wp-content\/plugins\/youtube-embed-plus\/images\/playhover.png\" data-no-lazy=\"1\" data-skipgform_ajax_framebjll=\"\" \/><div class=\"epyt-gallery-playcrutch\"><\/div><\/div><\/div><\/div><div class=\"epyt-gallery-title\">Salma Sammoudi \/ alumna 2n ESO \/ COMENTARIO DE \u00bfy tu madre? \/<\/div><\/div><div class=\"epyt-gallery-rowbreak\"><\/div><div tabindex=\"0\" role=\"button\" data-videoid=\"N3K5U08T2co\" class=\"epyt-gallery-thumb\"><div class=\"epyt-gallery-img-box\"><div class=\"epyt-gallery-img\" style=\"background-image: url(https:\/\/i.ytimg.com\/vi\/N3K5U08T2co\/hqdefault.jpg)\"><div class=\"epyt-gallery-playhover\"><img loading=\"lazy\" decoding=\"async\" alt=\"play\" class=\"epyt-play-img\" width=\"30\" height=\"23\" src=\"https:\/\/aulasnomadas.com\/web\/wp-content\/plugins\/youtube-embed-plus\/images\/playhover.png\" data-no-lazy=\"1\" data-skipgform_ajax_framebjll=\"\" \/><div class=\"epyt-gallery-playcrutch\"><\/div><\/div><\/div><\/div><div class=\"epyt-gallery-title\">Sara castello \/ Psic\u00f3loga Sistema d?emerg\u00e8ncies M\u00e8diques Catalunya \/ COMENTARIO DE \u00bfy tu madre? \/<\/div><\/div><div tabindex=\"0\" role=\"button\" data-videoid=\"wXaz2pAesfE\" class=\"epyt-gallery-thumb\"><div class=\"epyt-gallery-img-box\"><div class=\"epyt-gallery-img\" style=\"background-image: url(https:\/\/i.ytimg.com\/vi\/wXaz2pAesfE\/hqdefault.jpg)\"><div class=\"epyt-gallery-playhover\"><img loading=\"lazy\" decoding=\"async\" alt=\"play\" class=\"epyt-play-img\" width=\"30\" height=\"23\" src=\"https:\/\/aulasnomadas.com\/web\/wp-content\/plugins\/youtube-embed-plus\/images\/playhover.png\" data-no-lazy=\"1\" data-skipgform_ajax_framebjll=\"\" \/><div class=\"epyt-gallery-playcrutch\"><\/div><\/div><\/div><\/div><div class=\"epyt-gallery-title\">Mei Martinez \/ alumna 2n ESO \/ COMENTARIO DE \u00bfy tu madre? \/<\/div><\/div><div tabindex=\"0\" role=\"button\" data-videoid=\"ttiemFLqvus\" class=\"epyt-gallery-thumb\"><div class=\"epyt-gallery-img-box\"><div class=\"epyt-gallery-img\" style=\"background-image: url(https:\/\/i.ytimg.com\/vi\/ttiemFLqvus\/hqdefault.jpg)\"><div class=\"epyt-gallery-playhover\"><img loading=\"lazy\" decoding=\"async\" alt=\"play\" class=\"epyt-play-img\" width=\"30\" height=\"23\" src=\"https:\/\/aulasnomadas.com\/web\/wp-content\/plugins\/youtube-embed-plus\/images\/playhover.png\" data-no-lazy=\"1\" data-skipgform_ajax_framebjll=\"\" \/><div class=\"epyt-gallery-playcrutch\"><\/div><\/div><\/div><\/div><div class=\"epyt-gallery-title\">Yuri La\u0301zaro \/  SEM Catalunya \/ LECTURAS \u00bfy tu madre? \/ 086<\/div><\/div><div tabindex=\"0\" role=\"button\" data-videoid=\"tuRwMcpDWNk\" class=\"epyt-gallery-thumb\"><div class=\"epyt-gallery-img-box\"><div class=\"epyt-gallery-img\" style=\"background-image: url(https:\/\/i.ytimg.com\/vi\/tuRwMcpDWNk\/hqdefault.jpg)\"><div class=\"epyt-gallery-playhover\"><img loading=\"lazy\" decoding=\"async\" alt=\"play\" class=\"epyt-play-img\" width=\"30\" height=\"23\" src=\"https:\/\/aulasnomadas.com\/web\/wp-content\/plugins\/youtube-embed-plus\/images\/playhover.png\" data-no-lazy=\"1\" data-skipgform_ajax_framebjll=\"\" \/><div class=\"epyt-gallery-playcrutch\"><\/div><\/div><\/div><\/div><div class=\"epyt-gallery-title\">Sara castello \/ Psic\u00f3loga Sistema d?emerg\u00e8ncies M\u00e8diques Catalunya \/ COMENTARIO \u00bfy tu madre? \/ 244<\/div><\/div><div class=\"epyt-gallery-rowbreak\"><\/div><div tabindex=\"0\" role=\"button\" data-videoid=\"9HjkCnXV_sQ\" class=\"epyt-gallery-thumb\"><div class=\"epyt-gallery-img-box\"><div class=\"epyt-gallery-img\" style=\"background-image: url(https:\/\/i.ytimg.com\/vi\/9HjkCnXV_sQ\/hqdefault.jpg)\"><div class=\"epyt-gallery-playhover\"><img loading=\"lazy\" decoding=\"async\" alt=\"play\" class=\"epyt-play-img\" width=\"30\" height=\"23\" src=\"https:\/\/aulasnomadas.com\/web\/wp-content\/plugins\/youtube-embed-plus\/images\/playhover.png\" data-no-lazy=\"1\" data-skipgform_ajax_framebjll=\"\" \/><div class=\"epyt-gallery-playcrutch\"><\/div><\/div><\/div><\/div><div class=\"epyt-gallery-title\">V\u00eddeo presentaci\u00f3 de l&#039;exposici\u00f3 \u00bfy tu madre? \/ 000<\/div><\/div><div tabindex=\"0\" role=\"button\" data-videoid=\"kP54S7uwxUA\" class=\"epyt-gallery-thumb\"><div class=\"epyt-gallery-img-box\"><div class=\"epyt-gallery-img\" style=\"background-image: url(https:\/\/i.ytimg.com\/vi\/kP54S7uwxUA\/hqdefault.jpg)\"><div class=\"epyt-gallery-playhover\"><img loading=\"lazy\" decoding=\"async\" alt=\"play\" class=\"epyt-play-img\" width=\"30\" height=\"23\" src=\"https:\/\/aulasnomadas.com\/web\/wp-content\/plugins\/youtube-embed-plus\/images\/playhover.png\" data-no-lazy=\"1\" data-skipgform_ajax_framebjll=\"\" \/><div class=\"epyt-gallery-playcrutch\"><\/div><\/div><\/div><\/div><div class=\"epyt-gallery-title\">Juanma Dom\u00ednguez y Laura Dom\u00ednguez \/ \u00bfy tu madre? LECTURAS \/ 200<\/div><\/div><div tabindex=\"0\" role=\"button\" data-videoid=\"VGBYi7k_lKk\" class=\"epyt-gallery-thumb\"><div class=\"epyt-gallery-img-box\"><div class=\"epyt-gallery-img\" style=\"background-image: url(https:\/\/i.ytimg.com\/vi\/VGBYi7k_lKk\/hqdefault.jpg)\"><div class=\"epyt-gallery-playhover\"><img loading=\"lazy\" decoding=\"async\" alt=\"play\" class=\"epyt-play-img\" width=\"30\" height=\"23\" src=\"https:\/\/aulasnomadas.com\/web\/wp-content\/plugins\/youtube-embed-plus\/images\/playhover.png\" data-no-lazy=\"1\" data-skipgform_ajax_framebjll=\"\" \/><div class=\"epyt-gallery-playcrutch\"><\/div><\/div><\/div><\/div><div class=\"epyt-gallery-title\">Miriam \/ SEM Catalunya \/ LECTURAS \u00bfy tu madre? \/ 190 \/<\/div><\/div><div tabindex=\"0\" role=\"button\" data-videoid=\"zjpn-MjXM2M\" class=\"epyt-gallery-thumb\"><div class=\"epyt-gallery-img-box\"><div class=\"epyt-gallery-img\" style=\"background-image: url(https:\/\/i.ytimg.com\/vi\/zjpn-MjXM2M\/hqdefault.jpg)\"><div class=\"epyt-gallery-playhover\"><img loading=\"lazy\" decoding=\"async\" alt=\"play\" class=\"epyt-play-img\" width=\"30\" height=\"23\" src=\"https:\/\/aulasnomadas.com\/web\/wp-content\/plugins\/youtube-embed-plus\/images\/playhover.png\" data-no-lazy=\"1\" data-skipgform_ajax_framebjll=\"\" \/><div class=\"epyt-gallery-playcrutch\"><\/div><\/div><\/div><\/div><div class=\"epyt-gallery-title\">Merc\u0327e\u0300 Bornay \/ SEM Catalunya \/ LECTURAS \u00bfy tu madre? \/ 184 \/<\/div><\/div><div class=\"epyt-gallery-rowbreak\"><\/div><div tabindex=\"0\" role=\"button\" data-videoid=\"xi9piLumYEg\" class=\"epyt-gallery-thumb\"><div class=\"epyt-gallery-img-box\"><div class=\"epyt-gallery-img\" style=\"background-image: url(https:\/\/i.ytimg.com\/vi\/xi9piLumYEg\/hqdefault.jpg)\"><div class=\"epyt-gallery-playhover\"><img loading=\"lazy\" decoding=\"async\" alt=\"play\" class=\"epyt-play-img\" width=\"30\" height=\"23\" src=\"https:\/\/aulasnomadas.com\/web\/wp-content\/plugins\/youtube-embed-plus\/images\/playhover.png\" data-no-lazy=\"1\" data-skipgform_ajax_framebjll=\"\" \/><div class=\"epyt-gallery-playcrutch\"><\/div><\/div><\/div><\/div><div class=\"epyt-gallery-title\">Gemma T\u00e9llez \/ SEM Catalunya \/ LECTURAS \u00bfy tu madre? \/ 140<\/div><\/div><div tabindex=\"0\" role=\"button\" data-videoid=\"JtYIchd-xwo\" class=\"epyt-gallery-thumb\"><div class=\"epyt-gallery-img-box\"><div class=\"epyt-gallery-img\" style=\"background-image: url(https:\/\/i.ytimg.com\/vi\/JtYIchd-xwo\/hqdefault.jpg)\"><div class=\"epyt-gallery-playhover\"><img loading=\"lazy\" decoding=\"async\" alt=\"play\" class=\"epyt-play-img\" width=\"30\" height=\"23\" src=\"https:\/\/aulasnomadas.com\/web\/wp-content\/plugins\/youtube-embed-plus\/images\/playhover.png\" data-no-lazy=\"1\" data-skipgform_ajax_framebjll=\"\" \/><div class=\"epyt-gallery-playcrutch\"><\/div><\/div><\/div><\/div><div class=\"epyt-gallery-title\">Sara Uroz \/ SEM Catalunya \/ LECTURAS \u00bfy tu madre? \/ 130<\/div><\/div><div tabindex=\"0\" role=\"button\" data-videoid=\"RbegK0CMZ2U\" class=\"epyt-gallery-thumb\"><div class=\"epyt-gallery-img-box\"><div class=\"epyt-gallery-img\" style=\"background-image: url(https:\/\/i.ytimg.com\/vi\/RbegK0CMZ2U\/hqdefault.jpg)\"><div class=\"epyt-gallery-playhover\"><img loading=\"lazy\" decoding=\"async\" alt=\"play\" class=\"epyt-play-img\" width=\"30\" height=\"23\" src=\"https:\/\/aulasnomadas.com\/web\/wp-content\/plugins\/youtube-embed-plus\/images\/playhover.png\" data-no-lazy=\"1\" data-skipgform_ajax_framebjll=\"\" \/><div class=\"epyt-gallery-playcrutch\"><\/div><\/div><\/div><\/div><div class=\"epyt-gallery-title\">M\u00f2nica Moya \/ SEM Catalunya \/ LECTURAS \u00bfy tu madre? \/ 098<\/div><\/div><div tabindex=\"0\" role=\"button\" data-videoid=\"MKhaM1MMkf0\" class=\"epyt-gallery-thumb\"><div class=\"epyt-gallery-img-box\"><div class=\"epyt-gallery-img\" style=\"background-image: url(https:\/\/i.ytimg.com\/vi\/MKhaM1MMkf0\/hqdefault.jpg)\"><div class=\"epyt-gallery-playhover\"><img loading=\"lazy\" decoding=\"async\" alt=\"play\" class=\"epyt-play-img\" width=\"30\" height=\"23\" src=\"https:\/\/aulasnomadas.com\/web\/wp-content\/plugins\/youtube-embed-plus\/images\/playhover.png\" data-no-lazy=\"1\" data-skipgform_ajax_framebjll=\"\" \/><div class=\"epyt-gallery-playcrutch\"><\/div><\/div><\/div><\/div><div class=\"epyt-gallery-title\">Olivia Garcia\/ SEM Catalunya \/ LECTURAS \u00bfy tu madre? \/ 064<\/div><\/div><div class=\"epyt-gallery-rowbreak\"><\/div><div tabindex=\"0\" role=\"button\" data-videoid=\"1ulcow6SNWk\" class=\"epyt-gallery-thumb\"><div class=\"epyt-gallery-img-box\"><div class=\"epyt-gallery-img\" style=\"background-image: url(https:\/\/i.ytimg.com\/vi\/1ulcow6SNWk\/hqdefault.jpg)\"><div class=\"epyt-gallery-playhover\"><img loading=\"lazy\" decoding=\"async\" alt=\"play\" class=\"epyt-play-img\" width=\"30\" height=\"23\" src=\"https:\/\/aulasnomadas.com\/web\/wp-content\/plugins\/youtube-embed-plus\/images\/playhover.png\" data-no-lazy=\"1\" data-skipgform_ajax_framebjll=\"\" \/><div class=\"epyt-gallery-playcrutch\"><\/div><\/div><\/div><\/div><div class=\"epyt-gallery-title\">Marta Garcia \/ SEM Catalunya \/ LECTURAS \u00bfy tu madre? \/ 056<\/div><\/div><div tabindex=\"0\" role=\"button\" data-videoid=\"OyNj9-RlG7Y\" class=\"epyt-gallery-thumb\"><div class=\"epyt-gallery-img-box\"><div class=\"epyt-gallery-img\" style=\"background-image: url(https:\/\/i.ytimg.com\/vi\/OyNj9-RlG7Y\/hqdefault.jpg)\"><div class=\"epyt-gallery-playhover\"><img loading=\"lazy\" decoding=\"async\" alt=\"play\" class=\"epyt-play-img\" width=\"30\" height=\"23\" src=\"https:\/\/aulasnomadas.com\/web\/wp-content\/plugins\/youtube-embed-plus\/images\/playhover.png\" data-no-lazy=\"1\" data-skipgform_ajax_framebjll=\"\" \/><div class=\"epyt-gallery-playcrutch\"><\/div><\/div><\/div><\/div><div class=\"epyt-gallery-title\">Myriam Pe\u0301rez \/ SEM Catalunya \/ LECTURAS \u00bfy tu madre? \/ 052<\/div><\/div><div tabindex=\"0\" role=\"button\" data-videoid=\"f-kIvkeNKNQ\" class=\"epyt-gallery-thumb\"><div class=\"epyt-gallery-img-box\"><div class=\"epyt-gallery-img\" style=\"background-image: url(https:\/\/i.ytimg.com\/vi\/f-kIvkeNKNQ\/hqdefault.jpg)\"><div class=\"epyt-gallery-playhover\"><img loading=\"lazy\" decoding=\"async\" alt=\"play\" class=\"epyt-play-img\" width=\"30\" height=\"23\" src=\"https:\/\/aulasnomadas.com\/web\/wp-content\/plugins\/youtube-embed-plus\/images\/playhover.png\" data-no-lazy=\"1\" data-skipgform_ajax_framebjll=\"\" \/><div class=\"epyt-gallery-playcrutch\"><\/div><\/div><\/div><\/div><div class=\"epyt-gallery-title\">Nuria Casal\u00e9\/ SEM Catalunya \/ LECTURAS \u00bfy tu madre? \/ 048<\/div><\/div><div tabindex=\"0\" role=\"button\" data-videoid=\"yiQEB05Qq-M\" class=\"epyt-gallery-thumb\"><div class=\"epyt-gallery-img-box\"><div class=\"epyt-gallery-img\" style=\"background-image: url(https:\/\/i.ytimg.com\/vi\/yiQEB05Qq-M\/hqdefault.jpg)\"><div class=\"epyt-gallery-playhover\"><img loading=\"lazy\" decoding=\"async\" alt=\"play\" class=\"epyt-play-img\" width=\"30\" height=\"23\" src=\"https:\/\/aulasnomadas.com\/web\/wp-content\/plugins\/youtube-embed-plus\/images\/playhover.png\" data-no-lazy=\"1\" data-skipgform_ajax_framebjll=\"\" \/><div class=\"epyt-gallery-playcrutch\"><\/div><\/div><\/div><\/div><div class=\"epyt-gallery-title\">alexandre. FUTURO.<\/div><\/div><div class=\"epyt-gallery-rowbreak\"><\/div><div class=\"epyt-gallery-clear\"><\/div><\/div><div class=\"epyt-pagination \"><div tabindex=\"0\" role=\"button\" class=\"epyt-pagebutton epyt-prev  hide \" data-playlistid=\"UU79LgahBAU9rDHAEdSChTcA\" data-pagesize=\"20\" data-pagetoken=\"\" data-epcolumns=\"4\" data-showtitle=\"1\" data-showpaging=\"1\" data-autonext=\"0\" data-thumbplay=\"1\"><div class=\"epyt-arrow\">&laquo;<\/div> <div>Prev<\/div><\/div><div class=\"epyt-pagenumbers \"><div class=\"epyt-current\">1<\/div><div class=\"epyt-pageseparator\"> \/ <\/div><div class=\"epyt-totalpages\">8<\/div><\/div><div tabindex=\"0\" role=\"button\" class=\"epyt-pagebutton epyt-next\" data-playlistid=\"UU79LgahBAU9rDHAEdSChTcA\" data-pagesize=\"20\" data-pagetoken=\"EAAaHlBUOkNCUWlFREk1TmpOQlEwUXlRalk1UmtFelJrUQ\" data-epcolumns=\"4\" data-showtitle=\"1\" data-showpaging=\"1\" data-autonext=\"0\" data-thumbplay=\"1\"><div>Next<\/div> <div class=\"epyt-arrow\">&raquo;<\/div><\/div><div class=\"epyt-loader\"><img loading=\"lazy\" decoding=\"async\" alt=\"loading\" width=\"16\" height=\"11\" src=\"https:\/\/aulasnomadas.com\/web\/wp-content\/plugins\/youtube-embed-plus\/images\/gallery-page-loader.gif\"><\/div><\/div><\/div><\/div>","protected":false},"excerpt":{"rendered":"","protected":false},"author":1,"featured_media":0,"parent":0,"menu_order":0,"comment_status":"closed","ping_status":"closed","template":"","meta":{"footnotes":""},"class_list":["post-9","page","type-page","status-publish","hentry"],"yoast_head":"<!-- This site is optimized with the Yoast SEO plugin v27.4 - https:\/\/yoast.com\/product\/yoast-seo-wordpress\/ -->\n<title>- aulas nomadas<\/title>\n<meta name=\"robots\" content=\"index, follow, max-snippet:-1, max-image-preview:large, max-video-preview:-1\" \/>\n<link rel=\"canonical\" href=\"https:\/\/aulasnomadas.com\/web\/\" \/>\n<meta property=\"og:locale\" content=\"es_ES\" \/>\n<meta property=\"og:type\" content=\"article\" \/>\n<meta property=\"og:title\" content=\"- aulas nomadas\" \/>\n<meta property=\"og:url\" content=\"https:\/\/aulasnomadas.com\/web\/\" \/>\n<meta property=\"og:site_name\" content=\"aulas nomadas\" \/>\n<meta property=\"article:modified_time\" content=\"2020-03-16T14:31:01+00:00\" \/>\n<meta name=\"twitter:card\" content=\"summary_large_image\" \/>\n<script type=\"application\/ld+json\" class=\"yoast-schema-graph\">{\"@context\":\"https:\\\/\\\/schema.org\",\"@graph\":[{\"@type\":\"WebPage\",\"@id\":\"https:\\\/\\\/aulasnomadas.com\\\/web\\\/\",\"url\":\"https:\\\/\\\/aulasnomadas.com\\\/web\\\/\",\"name\":\"- aulas nomadas\",\"isPartOf\":{\"@id\":\"https:\\\/\\\/aulasnomadas.com\\\/web\\\/#website\"},\"datePublished\":\"2020-03-16T12:52:40+00:00\",\"dateModified\":\"2020-03-16T14:31:01+00:00\",\"inLanguage\":\"es\",\"potentialAction\":[{\"@type\":\"ReadAction\",\"target\":[\"https:\\\/\\\/aulasnomadas.com\\\/web\\\/\"]}]},{\"@type\":\"WebSite\",\"@id\":\"https:\\\/\\\/aulasnomadas.com\\\/web\\\/#website\",\"url\":\"https:\\\/\\\/aulasnomadas.com\\\/web\\\/\",\"name\":\"aulas nomadas\",\"description\":\"\",\"publisher\":{\"@id\":\"https:\\\/\\\/aulasnomadas.com\\\/web\\\/#organization\"},\"potentialAction\":[{\"@type\":\"SearchAction\",\"target\":{\"@type\":\"EntryPoint\",\"urlTemplate\":\"https:\\\/\\\/aulasnomadas.com\\\/web\\\/?s={search_term_string}\"},\"query-input\":{\"@type\":\"PropertyValueSpecification\",\"valueRequired\":true,\"valueName\":\"search_term_string\"}}],\"inLanguage\":\"es\"},{\"@type\":\"Organization\",\"@id\":\"https:\\\/\\\/aulasnomadas.com\\\/web\\\/#organization\",\"name\":\"aulas nomadas\",\"url\":\"https:\\\/\\\/aulasnomadas.com\\\/web\\\/\",\"logo\":{\"@type\":\"ImageObject\",\"inLanguage\":\"es\",\"@id\":\"https:\\\/\\\/aulasnomadas.com\\\/web\\\/#\\\/schema\\\/logo\\\/image\\\/\",\"url\":\"https:\\\/\\\/aulasnomadas.com\\\/web\\\/wp-content\\\/uploads\\\/2020\\\/03\\\/photo.jpg\",\"contentUrl\":\"https:\\\/\\\/aulasnomadas.com\\\/web\\\/wp-content\\\/uploads\\\/2020\\\/03\\\/photo.jpg\",\"width\":288,\"height\":288,\"caption\":\"aulas nomadas\"},\"image\":{\"@id\":\"https:\\\/\\\/aulasnomadas.com\\\/web\\\/#\\\/schema\\\/logo\\\/image\\\/\"}}]}<\/script>\n<!-- \/ Yoast SEO plugin. -->","yoast_head_json":{"title":"- aulas nomadas","robots":{"index":"index","follow":"follow","max-snippet":"max-snippet:-1","max-image-preview":"max-image-preview:large","max-video-preview":"max-video-preview:-1"},"canonical":"https:\/\/aulasnomadas.com\/web\/","og_locale":"es_ES","og_type":"article","og_title":"- aulas nomadas","og_url":"https:\/\/aulasnomadas.com\/web\/","og_site_name":"aulas nomadas","article_modified_time":"2020-03-16T14:31:01+00:00","twitter_card":"summary_large_image","schema":{"@context":"https:\/\/schema.org","@graph":[{"@type":"WebPage","@id":"https:\/\/aulasnomadas.com\/web\/","url":"https:\/\/aulasnomadas.com\/web\/","name":"- aulas nomadas","isPartOf":{"@id":"https:\/\/aulasnomadas.com\/web\/#website"},"datePublished":"2020-03-16T12:52:40+00:00","dateModified":"2020-03-16T14:31:01+00:00","inLanguage":"es","potentialAction":[{"@type":"ReadAction","target":["https:\/\/aulasnomadas.com\/web\/"]}]},{"@type":"WebSite","@id":"https:\/\/aulasnomadas.com\/web\/#website","url":"https:\/\/aulasnomadas.com\/web\/","name":"aulas nomadas","description":"","publisher":{"@id":"https:\/\/aulasnomadas.com\/web\/#organization"},"potentialAction":[{"@type":"SearchAction","target":{"@type":"EntryPoint","urlTemplate":"https:\/\/aulasnomadas.com\/web\/?s={search_term_string}"},"query-input":{"@type":"PropertyValueSpecification","valueRequired":true,"valueName":"search_term_string"}}],"inLanguage":"es"},{"@type":"Organization","@id":"https:\/\/aulasnomadas.com\/web\/#organization","name":"aulas nomadas","url":"https:\/\/aulasnomadas.com\/web\/","logo":{"@type":"ImageObject","inLanguage":"es","@id":"https:\/\/aulasnomadas.com\/web\/#\/schema\/logo\/image\/","url":"https:\/\/aulasnomadas.com\/web\/wp-content\/uploads\/2020\/03\/photo.jpg","contentUrl":"https:\/\/aulasnomadas.com\/web\/wp-content\/uploads\/2020\/03\/photo.jpg","width":288,"height":288,"caption":"aulas nomadas"},"image":{"@id":"https:\/\/aulasnomadas.com\/web\/#\/schema\/logo\/image\/"}}]}},"jetpack_sharing_enabled":true,"_links":{"self":[{"href":"https:\/\/aulasnomadas.com\/web\/index.php\/wp-json\/wp\/v2\/pages\/9","targetHints":{"allow":["GET"]}}],"collection":[{"href":"https:\/\/aulasnomadas.com\/web\/index.php\/wp-json\/wp\/v2\/pages"}],"about":[{"href":"https:\/\/aulasnomadas.com\/web\/index.php\/wp-json\/wp\/v2\/types\/page"}],"author":[{"embeddable":true,"href":"https:\/\/aulasnomadas.com\/web\/index.php\/wp-json\/wp\/v2\/users\/1"}],"replies":[{"embeddable":true,"href":"https:\/\/aulasnomadas.com\/web\/index.php\/wp-json\/wp\/v2\/comments?post=9"}],"version-history":[{"count":7,"href":"https:\/\/aulasnomadas.com\/web\/index.php\/wp-json\/wp\/v2\/pages\/9\/revisions"}],"predecessor-version":[{"id":22,"href":"https:\/\/aulasnomadas.com\/web\/index.php\/wp-json\/wp\/v2\/pages\/9\/revisions\/22"}],"wp:attachment":[{"href":"https:\/\/aulasnomadas.com\/web\/index.php\/wp-json\/wp\/v2\/media?parent=9"}],"curies":[{"name":"wp","href":"https:\/\/api.w.org\/{rel}","templated":true}]}}